{"id":221518,"date":"2026-01-04T09:31:32","date_gmt":"2026-01-04T09:31:32","guid":{"rendered":"https:\/\/difcw.wesaca.nl\/descargo-de-responsabilidad-de-diferencia\/"},"modified":"2026-02-24T11:55:27","modified_gmt":"2026-02-24T11:55:27","slug":"descargo-de-responsabilidad-de-diferencia","status":"publish","type":"page","link":"https:\/\/diferenza.cw\/es\/descargo-de-responsabilidad-de-diferencia\/","title":{"rendered":"Descargo de responsabilidad de Diferencia"},"content":{"rendered":"<div class=\"et_pb_section_0 et_pb_section et_section_regular et_block_section\">\n<div class=\"et_pb_row_0 et_pb_row et_block_row et_animated\">\n<div class=\"et_pb_column_0 et_pb_column et_pb_column_4_4 et-last-child et_block_column et_pb_css_mix_blend_mode_passthrough\">\n<div class=\"et_pb_text_0 et_pb_text et_pb_bg_layout_light et_pb_module et_block_module preset--module--divi-text--c16985e1-e0d6-4022-964d-e2bfc04fa633\"><div class=\"et_pb_text_inner\"><h1>Descargo de responsabilidad<\/h1>\n<\/div><\/div>\n<\/div>\n<\/div>\n<\/div>\n\n<div class=\"et_pb_section_1 et_pb_section et_section_regular et_block_section\">\n<div class=\"et_pb_row_1 et_pb_row et_flex_row\">\n<div class=\"et_pb_column_1 et_pb_column et-last-child et_flex_column et_pb_css_mix_blend_mode_passthrough et_flex_column_24_24 et_flex_column_24_24_tablet et_flex_column_24_24_phone\">\n<div class=\"et_pb_text_1 et_pb_text et_pb_bg_layout_light et_pb_module et_flex_module\"><div class=\"et_pb_text_inner\"><p>Diferenza (C\u00e1mara de Comercio: 61114), en adelante Diferenza, le otorga acceso a https:\/\/diferenza.cw (el \"Sitio Web\") y le invita a utilizar los servicios que ofrece. Diferenza se reserva el derecho de modificar el contenido o eliminar partes del mismo en cualquier momento sin previo aviso. <\/p>\n<p>Responsabilidad Limitada<br \/>Diferenza se esfuerza por actualizar y\/o complementar el contenido del Sitio Web con la mayor frecuencia posible. A pesar de este cuidado y atenci\u00f3n, es posible que el contenido est\u00e9 incompleto y\/o sea inexacto. Los materiales ofrecidos en el Sitio Web se proporcionan sin garant\u00eda ni pretensi\u00f3n de exactitud. Estos materiales pueden cambiar en cualquier momento sin previo aviso por parte de Diferenza. En particular, todos los precios del Sitio Web est\u00e1n sujetos a errores tipogr\u00e1ficos y de programaci\u00f3n. No se acepta ninguna responsabilidad por las consecuencias de dichos errores. No se formalizar\u00e1 ning\u00fan acuerdo basado en dichos errores. Diferenza no se responsabiliza de los hiperv\u00ednculos del Sitio Web a sitios web o servicios de terceros.       <\/p>\n<p>Derechos de autor<br \/>Todos los derechos de propiedad intelectual sobre estos materiales pertenecen a Diferenza. Queda prohibida la copia, distribuci\u00f3n y cualquier otro uso de estos materiales sin la autorizaci\u00f3n escrita de Diferenza, salvo que se indique lo contrario para materiales espec\u00edficos. <\/p>\n<\/div><\/div>\n<\/div>\n<\/div>\n<\/div>","protected":false},"excerpt":{"rendered":"","protected":false},"author":1,"featured_media":0,"parent":0,"menu_order":0,"comment_status":"closed","ping_status":"closed","template":"","meta":{"footnotes":""},"class_list":["post-221518","page","type-page","status-publish","hentry"],"_links":{"self":[{"href":"https:\/\/diferenza.cw\/es\/wp-json\/wp\/v2\/pages\/221518","targetHints":{"allow":["GET"]}}],"collection":[{"href":"https:\/\/diferenza.cw\/es\/wp-json\/wp\/v2\/pages"}],"about":[{"href":"https:\/\/diferenza.cw\/es\/wp-json\/wp\/v2\/types\/page"}],"author":[{"embeddable":true,"href":"https:\/\/diferenza.cw\/es\/wp-json\/wp\/v2\/users\/1"}],"replies":[{"embeddable":true,"href":"https:\/\/diferenza.cw\/es\/wp-json\/wp\/v2\/comments?post=221518"}],"version-history":[{"count":2,"href":"https:\/\/diferenza.cw\/es\/wp-json\/wp\/v2\/pages\/221518\/revisions"}],"predecessor-version":[{"id":221631,"href":"https:\/\/diferenza.cw\/es\/wp-json\/wp\/v2\/pages\/221518\/revisions\/221631"}],"wp:attachment":[{"href":"https:\/\/diferenza.cw\/es\/wp-json\/wp\/v2\/media?parent=221518"}],"curies":[{"name":"wp","href":"https:\/\/api.w.org\/{rel}","templated":true}]}}