{"id":221450,"date":"2026-01-08T15:48:24","date_gmt":"2026-01-08T15:48:24","guid":{"rendered":"https:\/\/difcw.wesaca.nl\/formaciones\/"},"modified":"2026-02-24T09:07:12","modified_gmt":"2026-02-24T09:07:12","slug":"formaciones","status":"publish","type":"page","link":"https:\/\/diferenza.cw\/es\/formaciones\/","title":{"rendered":"Formaci\u00f3nes"},"content":{"rendered":"<div class=\"et_pb_section_0 et_pb_section et_section_regular et_block_section\">\n<div class=\"et_pb_row_0 et_pb_row et_block_row et_animated\">\n<div class=\"et_pb_column_0 et_pb_column et_pb_column_4_4 et-last-child et_block_column et_pb_css_mix_blend_mode_passthrough\">\n<div class=\"et_pb_text_0 et_pb_text et_pb_bg_layout_light et_pb_module et_block_module preset--module--divi-text--c16985e1-e0d6-4022-964d-e2bfc04fa633\"><div class=\"et_pb_text_inner\"><h1>Formaci\u00f3nes<\/h1>\n<\/div><\/div>\n<\/div>\n<\/div>\n<\/div>\n\n<div class=\"et_pb_section_1 et_pb_section et_section_regular et_flex_section\" id=\"training\"><div class=\"et_pb_row_1 et_pb_row et_block_row\"><div class=\"et_pb_column_1 et_pb_column et_pb_column_4_4 et-last-child et_block_column et_pb_css_mix_blend_mode_passthrough\"><div class=\"et_pb_text_1 et_pb_text et_pb_bg_layout_light et_pb_module et_block_module preset--module--divi-text--b327cbe4-b1d5-4b66-ad37-40c8f2f061ba\"><div class=\"et_pb_text_inner\"><h2>Formaci\u00f3nes<\/h2>\n<\/div><\/div><div class=\"et_pb_text_2 et_pb_text et_pb_bg_layout_light et_pb_module et_block_module preset--module--divi-text--1f09816e-184e-4ce5-a4cf-b39c52c423ca\"><div class=\"et_pb_text_inner\"><p>En nuestros talleres, cursos de aprendizaje electr\u00f3nico y formaci\u00f3nes,<br \/>recibir\u00e1 herramientas pr\u00e1cticas y consejos personalizados que podr\u00e1 aplicar de inmediato en su d\u00eda a d\u00eda.Nuestros talleres, cursos en l\u00ednea y sesiones de capacitaci\u00f3n est\u00e1n organizados por sectores. \u00bfNo encuentra su sector en la lista? \u00bfO no encuentra una oferta que se ajuste a sus necesidades? \u00a1No se preocupe! Cont\u00e1ctenos. Nos especializamos en programas personalizados. <\/p>\n<\/div><\/div><\/div><\/div><div class=\"et_pb_row_2 et_pb_row et_flex_row\"><div class=\"et_pb_column_2 et_pb_column et_block_column et_pb_css_mix_blend_mode_passthrough et_flex_column_24_24 et_flex_column_24_24_tablet et_flex_column_24_24_phone\"><div class=\"et_pb_image_0 et_pb_image et_pb_module et_block_module\"><span class=\"et_pb_image_wrap\"><img loading=\"lazy\" decoding=\"async\" src=\"https:\/\/diferenza.cw\/wp-content\/uploads\/2026\/01\/Diferenza-core.webp\" title=\"Diferenza core\" width=\"800\" height=\"550\" srcset=\"https:\/\/diferenza.cw\/wp-content\/uploads\/2026\/01\/Diferenza-core.webp 800w, https:\/\/diferenza.cw\/wp-content\/uploads\/2026\/01\/Diferenza-core-480x330.webp 480w\" sizes=\"(min-width: 0px) and (max-width: 480px) 480px, (min-width: 481px) 800px, 100vw\" class=\"wp-image-220873\" \/><\/span><\/div><div class=\"et_pb_text_3 et_pb_text et_pb_bg_layout_light et_pb_module et_block_module preset--module--divi-text--4827deed-2a92-4d97-a22f-f01067ae6873\"><div class=\"et_pb_text_inner\"><h4>Entrenamiento Motivacional \"The Core\"<\/h4>\n<\/div><\/div><div class=\"et_pb_text_4 et_pb_text et_pb_bg_layout_light et_pb_module et_block_module preset--module--divi-text--4c43b4b6-66bf-432d-959a-705bda24a650\"><div class=\"et_pb_text_inner\"><p>\"The Core\" es un entrenamiento motivador y estimulante que ayuda a los participantes a fortalecer su motivaci\u00f3n personal, autoconocimiento y disposici\u00f3n para aprender, as\u00ed como para descubrir sus talentos. Cuatro m\u00f3dulos interrelacionados ofrecen una preparaci\u00f3n espec\u00edfica para una formaci\u00f3n posterior exitosa y un futuro en el sector hotelero. <\/p>\n<\/div><\/div><\/div><div class=\"et_pb_column_3 et_pb_column et_block_column et_pb_css_mix_blend_mode_passthrough et_flex_column_24_24 et_flex_column_24_24_tablet et_flex_column_24_24_phone\"><div class=\"et_pb_image_1 et_pb_image et_pb_module et_block_module\"><span class=\"et_pb_image_wrap\"><img loading=\"lazy\" decoding=\"async\" src=\"https:\/\/diferenza.cw\/wp-content\/uploads\/2026\/01\/Gastvrijheid-training2.webp\" title=\"Gastvrijheid -training2\" width=\"800\" height=\"550\" srcset=\"https:\/\/diferenza.cw\/wp-content\/uploads\/2026\/01\/Gastvrijheid-training2.webp 800w, https:\/\/diferenza.cw\/wp-content\/uploads\/2026\/01\/Gastvrijheid-training2-480x330.webp 480w\" sizes=\"(min-width: 0px) and (max-width: 480px) 480px, (min-width: 481px) 800px, 100vw\" class=\"wp-image-221115\" \/><\/span><\/div><div class=\"et_pb_text_5 et_pb_text et_pb_bg_layout_light et_pb_module et_block_module preset--module--divi-text--4827deed-2a92-4d97-a22f-f01067ae6873\"><div class=\"et_pb_text_inner\"><h4>Hospitalidad en la industria hotelera<\/h4>\n<\/div><\/div><div class=\"et_pb_text_6 et_pb_text et_pb_bg_layout_light et_pb_module et_block_module preset--module--divi-text--4c43b4b6-66bf-432d-959a-705bda24a650\"><div class=\"et_pb_text_inner\"><p>Los hu\u00e9spedes valoran positivamente la experiencia cuando no solo el producto es perfecto, sino tambi\u00e9n, y sobre todo, el ambiente: esto se crea en cada interacci\u00f3n entre el personal y el hu\u00e9sped. Con esta capacitaci\u00f3n, Diferenza convierte a su equipo en verdaderos profesionales de la hospitalidad que colaboran, demuestran compromiso y se esfuerzan constantemente en todos los departamentos del hotel. <\/p>\n<\/div><\/div><\/div><div class=\"et_pb_column_4 et_pb_column et-last-child et_block_column et_pb_css_mix_blend_mode_passthrough et_flex_column_24_24 et_flex_column_24_24_tablet et_flex_column_24_24_phone\"><div class=\"et_pb_image_2 et_pb_image et_pb_module et_block_module\"><span class=\"et_pb_image_wrap\"><img loading=\"lazy\" decoding=\"async\" src=\"https:\/\/diferenza.cw\/wp-content\/uploads\/2026\/01\/service-attitude.webp\" title=\"service attitude\" width=\"800\" height=\"550\" srcset=\"https:\/\/diferenza.cw\/wp-content\/uploads\/2026\/01\/service-attitude.webp 800w, https:\/\/diferenza.cw\/wp-content\/uploads\/2026\/01\/service-attitude-480x330.webp 480w\" sizes=\"(min-width: 0px) and (max-width: 480px) 480px, (min-width: 481px) 800px, 100vw\" class=\"wp-image-221092\" \/><\/span><\/div><div class=\"et_pb_text_7 et_pb_text et_pb_bg_layout_light et_pb_module et_block_module preset--module--divi-text--4827deed-2a92-4d97-a22f-f01067ae6873\"><div class=\"et_pb_text_inner\"><h4>Actitud de Servicio<\/h4>\n<\/div><\/div><div class=\"et_pb_text_8 et_pb_text et_pb_bg_layout_light et_pb_module et_block_module preset--module--divi-text--4c43b4b6-66bf-432d-959a-705bda24a650\"><div class=\"et_pb_text_inner\"><p>Su actitud y comportamiento determinan c\u00f3mo se siente un hu\u00e9sped y si el servicio se percibe como genuino y profesional. En esta capacitaci\u00f3n, desarrollar\u00e1 una s\u00f3lida actitud de servicio trabajando conscientemente en la comunicaci\u00f3n, la cortes\u00eda y el comportamiento orientado al hu\u00e9sped, algo esencial para cualquiera que se inicie en el sector hotelero. <\/p>\n<\/div><\/div><\/div><\/div><div class=\"et_pb_row_3 et_pb_row et_flex_row\"><div class=\"et_pb_column_5 et_pb_column et_block_column et_pb_css_mix_blend_mode_passthrough et_flex_column_24_24 et_flex_column_24_24_tablet et_flex_column_24_24_phone\"><div class=\"et_pb_image_3 et_pb_image et_pb_module et_block_module\"><span class=\"et_pb_image_wrap\"><img loading=\"lazy\" decoding=\"async\" src=\"https:\/\/diferenza.cw\/wp-content\/uploads\/2026\/01\/Diferenza-ontvangstbeleveing.webp\" title=\"Diferenza ontvangstbeleveing\" width=\"800\" height=\"550\" srcset=\"https:\/\/diferenza.cw\/wp-content\/uploads\/2026\/01\/Diferenza-ontvangstbeleveing.webp 800w, https:\/\/diferenza.cw\/wp-content\/uploads\/2026\/01\/Diferenza-ontvangstbeleveing-480x330.webp 480w\" sizes=\"(min-width: 0px) and (max-width: 480px) 480px, (min-width: 481px) 800px, 100vw\" class=\"wp-image-221098\" \/><\/span><\/div><div class=\"et_pb_text_9 et_pb_text et_pb_bg_layout_light et_pb_module et_block_module preset--module--divi-text--4827deed-2a92-4d97-a22f-f01067ae6873\"><div class=\"et_pb_text_inner\"><h4>Capacitaci\u00f3n en Experiencia de Recepci\u00f3n<\/h4>\n<\/div><\/div><div class=\"et_pb_text_10 et_pb_text et_pb_bg_layout_light et_pb_module et_block_module preset--module--divi-text--4c43b4b6-66bf-432d-959a-705bda24a650\"><div class=\"et_pb_text_inner\"><p>Como primer punto de contacto, usted determina la primera impresi\u00f3n y, por lo tanto, la experiencia de bienvenida del hu\u00e9sped. En esta capacitaci\u00f3n, aprender\u00e1 a garantizar una bienvenida c\u00e1lida, apropiada y hospitalaria mediante un comportamiento orientado al servicio, modales profesionales y una comunicaci\u00f3n no verbal consciente. <\/p>\n<\/div><\/div><\/div><div class=\"et_pb_column_6 et_pb_column et_block_column et_pb_css_mix_blend_mode_passthrough et_flex_column_24_24 et_flex_column_24_24_tablet et_flex_column_24_24_phone\"><div class=\"et_pb_image_4 et_pb_image et_pb_module et_block_module\"><span class=\"et_pb_image_wrap\"><img loading=\"lazy\" decoding=\"async\" src=\"https:\/\/diferenza.cw\/wp-content\/uploads\/2026\/01\/Diferenza-training-klantgericht-telefoneren.webp\" title=\"Diferenza training klantgericht telefoneren\" width=\"800\" height=\"550\" srcset=\"https:\/\/diferenza.cw\/wp-content\/uploads\/2026\/01\/Diferenza-training-klantgericht-telefoneren.webp 800w, https:\/\/diferenza.cw\/wp-content\/uploads\/2026\/01\/Diferenza-training-klantgericht-telefoneren-480x330.webp 480w\" sizes=\"(min-width: 0px) and (max-width: 480px) 480px, (min-width: 481px) 800px, 100vw\" class=\"wp-image-220830\" \/><\/span><\/div><div class=\"et_pb_text_11 et_pb_text et_pb_bg_layout_light et_pb_module et_block_module preset--module--divi-text--4827deed-2a92-4d97-a22f-f01067ae6873\"><div class=\"et_pb_text_inner\"><h4>Comunicaci\u00f3n Telef\u00f3nica Orientada al Cliente<\/h4>\n<\/div><\/div><div class=\"et_pb_text_12 et_pb_text et_pb_bg_layout_light et_pb_module et_block_module preset--module--divi-text--4c43b4b6-66bf-432d-959a-705bda24a650\"><div class=\"et_pb_text_inner\"><p>El contacto telef\u00f3nico suele ser el primer momento en que un hu\u00e9sped experimenta su organizaci\u00f3n. En esta capacitaci\u00f3n, aprender\u00e1 a comunicarse de forma profesional, hospitalaria y con confianza con diversos hu\u00e9spedes utilizando la estructura, el tono de voz y las t\u00e9cnicas de conversaci\u00f3n adecuadas. <\/p>\n<\/div><\/div><\/div><div class=\"et_pb_column_7 et_pb_column et-last-child et_block_column et_pb_css_mix_blend_mode_passthrough et_flex_column_24_24 et_flex_column_24_24_tablet et_flex_column_24_24_phone\"><div class=\"et_pb_image_5 et_pb_image et_pb_module et_block_module\"><span class=\"et_pb_image_wrap\"><img loading=\"lazy\" decoding=\"async\" src=\"https:\/\/diferenza.cw\/wp-content\/uploads\/2026\/01\/Time-management-training.webp\" title=\"Time management - training\" width=\"800\" height=\"550\" srcset=\"https:\/\/diferenza.cw\/wp-content\/uploads\/2026\/01\/Time-management-training.webp 800w, https:\/\/diferenza.cw\/wp-content\/uploads\/2026\/01\/Time-management-training-480x330.webp 480w\" sizes=\"(min-width: 0px) and (max-width: 480px) 480px, (min-width: 481px) 800px, 100vw\" class=\"wp-image-221113\" \/><\/span><\/div><div class=\"et_pb_text_13 et_pb_text et_pb_bg_layout_light et_pb_module et_block_module preset--module--divi-text--4827deed-2a92-4d97-a22f-f01067ae6873\"><div class=\"et_pb_text_inner\"><h4>Capacitaci\u00f3n en Gesti\u00f3n del Tiempo<\/h4>\n<\/div><\/div><div class=\"et_pb_text_14 et_pb_text et_pb_bg_layout_light et_pb_module et_block_module preset--module--divi-text--4c43b4b6-66bf-432d-959a-705bda24a650\"><div class=\"et_pb_text_inner\"><p>En el din\u00e1mico entorno hotelero, esta capacitaci\u00f3n te ense\u00f1ar\u00e1 a generar claridad y calma estableciendo prioridades claras. Desarrollar\u00e1s habilidades pr\u00e1cticas para planificar, concentrarte y gestionar eficazmente las p\u00e9rdidas de tiempo, lo que te permitir\u00e1 trabajar con mayor eficiencia y control. <\/p>\n<\/div><\/div><\/div><\/div><div class=\"et_pb_row_4 et_pb_row et_flex_row\"><div class=\"et_pb_column_8 et_pb_column et_block_column et_pb_css_mix_blend_mode_passthrough et_flex_column_24_24 et_flex_column_24_24_tablet et_flex_column_24_24_phone\"><div class=\"et_pb_image_6 et_pb_image et_pb_module et_block_module\"><span class=\"et_pb_image_wrap\"><img loading=\"lazy\" decoding=\"async\" src=\"https:\/\/diferenza.cw\/wp-content\/uploads\/2026\/01\/Diferenza-omgaan-met-agressie-training.webp\" title=\"Diferenza omgaan met agressie-training\" width=\"800\" height=\"550\" srcset=\"https:\/\/diferenza.cw\/wp-content\/uploads\/2026\/01\/Diferenza-omgaan-met-agressie-training.webp 800w, https:\/\/diferenza.cw\/wp-content\/uploads\/2026\/01\/Diferenza-omgaan-met-agressie-training-480x330.webp 480w\" sizes=\"(min-width: 0px) and (max-width: 480px) 480px, (min-width: 481px) 800px, 100vw\" class=\"wp-image-221096\" \/><\/span><\/div><div class=\"et_pb_text_15 et_pb_text et_pb_bg_layout_light et_pb_module et_block_module preset--module--divi-text--4827deed-2a92-4d97-a22f-f01067ae6873\"><div class=\"et_pb_text_inner\"><h4>Capacitaci\u00f3n en Manejo de Agresiones<\/h4>\n<\/div><\/div><div class=\"et_pb_text_16 et_pb_text et_pb_bg_layout_light et_pb_module et_block_module preset--module--divi-text--4c43b4b6-66bf-432d-959a-705bda24a650\"><div class=\"et_pb_text_inner\"><p>En esta capacitaci\u00f3n, aprender\u00e1s a reconocer la agresi\u00f3n (leve) de los hu\u00e9spedes de manera oportuna y a manejarla con profesionalismo y calma. Obtendr\u00e1s herramientas pr\u00e1cticas para mantener una actitud amable con el cliente, establecer l\u00edmites y reducir la intensidad de situaciones dif\u00edciles de forma segura y eficaz. <\/p>\n<\/div><\/div><\/div><div class=\"et_pb_column_9 et_pb_column et_block_column et_pb_column_empty et_pb_css_mix_blend_mode_passthrough et_flex_column_24_24 et_flex_column_24_24_tablet et_flex_column_24_24_phone\"><\/div><div class=\"et_pb_column_10 et_pb_column et-last-child et_block_column et_pb_column_empty et_pb_css_mix_blend_mode_passthrough et_flex_column_24_24 et_flex_column_24_24_tablet et_flex_column_24_24_phone\"><\/div><\/div><div class=\"et_pb_row_5 et_pb_row et_block_row\"><div class=\"et_pb_column_11 et_pb_column et_pb_column_4_4 et-last-child et_block_column et_pb_css_mix_blend_mode_passthrough\"><div class=\"et_pb_module et_pb_button_module_wrapper et_pb_button_0_wrapper preset--module--divi-button--31b4f027-aaa0-4f2f-ae02-959764e19e4f_wrapper\"><a class=\"et_pb_button_0 et_pb_button et_pb_bg_layout_light et_pb_module et_block_module preset--module--divi-button--31b4f027-aaa0-4f2f-ae02-959764e19e4f\" href=\"https:\/\/diferenza.cw\/es\/solicitud-de-informacion-sobre-la-formacion\/\">Solicitar informaci\u00f3n<\/a><\/div><\/div><\/div><\/div>","protected":false},"excerpt":{"rendered":"","protected":false},"author":1,"featured_media":0,"parent":0,"menu_order":0,"comment_status":"closed","ping_status":"closed","template":"","meta":{"footnotes":""},"class_list":["post-221450","page","type-page","status-publish","hentry"],"_links":{"self":[{"href":"https:\/\/diferenza.cw\/es\/wp-json\/wp\/v2\/pages\/221450","targetHints":{"allow":["GET"]}}],"collection":[{"href":"https:\/\/diferenza.cw\/es\/wp-json\/wp\/v2\/pages"}],"about":[{"href":"https:\/\/diferenza.cw\/es\/wp-json\/wp\/v2\/types\/page"}],"author":[{"embeddable":true,"href":"https:\/\/diferenza.cw\/es\/wp-json\/wp\/v2\/users\/1"}],"replies":[{"embeddable":true,"href":"https:\/\/diferenza.cw\/es\/wp-json\/wp\/v2\/comments?post=221450"}],"version-history":[{"count":3,"href":"https:\/\/diferenza.cw\/es\/wp-json\/wp\/v2\/pages\/221450\/revisions"}],"predecessor-version":[{"id":221607,"href":"https:\/\/diferenza.cw\/es\/wp-json\/wp\/v2\/pages\/221450\/revisions\/221607"}],"wp:attachment":[{"href":"https:\/\/diferenza.cw\/es\/wp-json\/wp\/v2\/media?parent=221450"}],"curies":[{"name":"wp","href":"https:\/\/api.w.org\/{rel}","templated":true}]}}